{"id":830,"date":"2025-06-19T19:12:24","date_gmt":"2025-06-19T16:12:24","guid":{"rendered":"https:\/\/www.banescogroup.com\/sepet\/"},"modified":"2025-06-23T18:47:03","modified_gmt":"2025-06-23T15:47:03","slug":"sepet","status":"publish","type":"page","link":"https:\/\/www.banescogroup.com\/ru\/sepet\/","title":{"rendered":"Sepet"},"content":{"rendered":"\n<div data-block-name=\"woocommerce\/cart\" class=\"wp-block-woocommerce-cart alignwide is-loading\">\n<div data-block-name=\"woocommerce\/filled-cart-block\" class=\"wp-block-woocommerce-filled-cart-block\">\n<div data-block-name=\"woocommerce\/cart-items-block\" class=\"wp-block-woocommerce-cart-items-block\">\n<div data-block-name=\"woocommerce\/cart-line-items-block\" class=\"wp-block-woocommerce-cart-line-items-block\"><\/div>\n\n\n\n<div data-block-name=\"woocommerce\/cart-cross-sells-block\" class=\"wp-block-woocommerce-cart-cross-sells-block\">\n<h2 class=\"wp-block-heading has-large-font-size\">\u0130lginizi \u00e7ekebilir\u2026<\/h2>\n\n\n\n<div data-block-name=\"woocommerce\/cart-cross-sells-products-block\" class=\"wp-block-woocommerce-cart-cross-sells-products-block\"><\/div>\n<\/div>\n<\/div>\n\n\n\n<div data-block-name=\"woocommerce\/cart-totals-block\" class=\"wp-block-woocommerce-cart-totals-block\">\n<div data-block-name=\"woocommerce\/cart-order-summary-block\" class=\"wp-block-woocommerce-cart-order-summary-block\">\n<div data-block-name=\"woocommerce\/cart-order-summary-heading-block\" class=\"wp-block-woocommerce-cart-order-summary-heading-block\"><\/div><div data-block-name=\"woocommerce\/cart-order-summary-coupon-form-block\" class=\"wp-block-woocommerce-cart-order-summary-coupon-form-block\"><\/div><div data-block-name=\"woocommerce\/cart-order-summary-totals-block\" class=\"wp-block-woocommerce-cart-order-summary-totals-block\">\n<div data-block-name=\"woocommerce\/cart-order-summary-subtotal-block\" class=\"wp-block-woocommerce-cart-order-summary-subtotal-block\"><\/div>\n<div data-block-name=\"woocommerce\/cart-order-summary-discount-block\" class=\"wp-block-woocommerce-cart-order-summary-discount-block\"><\/div>\n<div data-block-name=\"woocommerce\/cart-order-summary-fee-block\" class=\"wp-block-woocommerce-cart-order-summary-fee-block\"><\/div>\n<div data-block-name=\"woocommerce\/cart-order-summary-shipping-block\" class=\"wp-block-woocommerce-cart-order-summary-shipping-block\"><\/div>\n<div data-block-name=\"woocommerce\/cart-order-summary-taxes-block\" class=\"wp-block-woocommerce-cart-order-summary-taxes-block\"><\/div><\/div>\n<\/div>\n\n\n\n<div data-block-name=\"woocommerce\/cart-express-payment-block\" class=\"wp-block-woocommerce-cart-express-payment-block\"><\/div>\n\n\n\n<div data-block-name=\"woocommerce\/proceed-to-checkout-block\" class=\"wp-block-woocommerce-proceed-to-checkout-block\"><\/div>\n\n\n\n<div data-block-name=\"woocommerce\/cart-accepted-payment-methods-block\" class=\"wp-block-woocommerce-cart-accepted-payment-methods-block\"><\/div>\n<\/div>\n<\/div>\n\n\n\n<div data-block-name=\"woocommerce\/empty-cart-block\" class=\"wp-block-woocommerce-empty-cart-block\">\n<h2 class=\"wp-block-heading has-text-align-center with-empty-cart-icon wc-block-cart__empty-cart__title\">Sepetiniz \u015fu anda bo\u015f!<\/h2>\n\n\n\n<hr class=\"wp-block-separator has-alpha-channel-opacity is-style-dots\"\/>\n\n\n\n<h2 class=\"wp-block-heading has-text-align-center\">Ma\u011fazada yeni<\/h2>\n\n\n<div data-block-name=\"woocommerce\/product-new\" data-columns=\"4\" data-rows=\"1\" class=\"wc-block-grid wp-block-product-new wp-block-woocommerce-product-new wc-block-product-new has-4-columns\"><ul class=\"wc-block-grid__products\"><li class=\"wc-block-grid__product\">\n\t\t\t\t<a href=\"https:\/\/www.banescogroup.com\/ru\/product\/%d1%80%d1%83%d1%81%d1%81%d0%ba%d0%b8%d0%b9-bnc-c5-python-cavallino\/\" class=\"wc-block-grid__product-link\">\n\t\t\t\t\t\n\t\t\t\t\t<div class=\"wc-block-grid__product-image\"><img loading=\"lazy\" decoding=\"async\" width=\"300\" height=\"400\" src=\"https:\/\/www.banescogroup.com\/wp-content\/uploads\/2025\/08\/WhatsApp-Image-2025-08-29-at-14.50.54-300x400.jpeg\" class=\"attachment-woocommerce_thumbnail size-woocommerce_thumbnail\" alt=\"BNC-C5 \u043f\u0438\u0442\u043e\u043d \u043a\u0430\u0432\u0430\u043b\u043b\u0438\u043d\u043e\" srcset=\"https:\/\/www.banescogroup.com\/wp-content\/uploads\/2025\/08\/WhatsApp-Image-2025-08-29-at-14.50.54-300x400.jpeg 300w, https:\/\/www.banescogroup.com\/wp-content\/uploads\/2025\/08\/WhatsApp-Image-2025-08-29-at-14.50.54-225x300.jpeg 225w, https:\/\/www.banescogroup.com\/wp-content\/uploads\/2025\/08\/WhatsApp-Image-2025-08-29-at-14.50.54-768x1024.jpeg 768w, https:\/\/www.banescogroup.com\/wp-content\/uploads\/2025\/08\/WhatsApp-Image-2025-08-29-at-14.50.54-1152x1536.jpeg 1152w, https:\/\/www.banescogroup.com\/wp-content\/uploads\/2025\/08\/WhatsApp-Image-2025-08-29-at-14.50.54-270x360.jpeg 270w, https:\/\/www.banescogroup.com\/wp-content\/uploads\/2025\/08\/WhatsApp-Image-2025-08-29-at-14.50.54-360x480.jpeg 360w, https:\/\/www.banescogroup.com\/wp-content\/uploads\/2025\/08\/WhatsApp-Image-2025-08-29-at-14.50.54-600x800.jpeg 600w, https:\/\/www.banescogroup.com\/wp-content\/uploads\/2025\/08\/WhatsApp-Image-2025-08-29-at-14.50.54.jpeg 1200w\" sizes=\"auto, (max-width: 300px) 100vw, 300px\" \/><\/div>\n\t\t\t\t\t<div class=\"wc-block-grid__product-title\">BNC-C5 \u043f\u0438\u0442\u043e\u043d \u043a\u0430\u0432\u0430\u043b\u043b\u0438\u043d\u043e<\/div>\n\t\t\t\t<\/a>\n\t\t\t\t<div class=\"wc-block-grid__product-price price\"><\/div>\n\t\t\t\t\n\t\t\t\t<div class=\"wp-block-button wc-block-grid__product-add-to-cart\"><a href=\"https:\/\/www.banescogroup.com\/ru\/product\/%d1%80%d1%83%d1%81%d1%81%d0%ba%d0%b8%d0%b9-bnc-c5-python-cavallino\/\" aria-label=\"\u041f\u0440\u043e\u0447\u0438\u0442\u0430\u0439\u0442\u0435 \u0431\u043e\u043b\u044c\u0448\u0435 \u043e &ldquo;BNC-C5 \u043f\u0438\u0442\u043e\u043d \u043a\u0430\u0432\u0430\u043b\u043b\u0438\u043d\u043e&rdquo;\" data-quantity=\"1\" data-product_id=\"1374\" data-product_sku=\"\" data-price=\"0\" rel=\"nofollow\" class=\"wp-block-button__link  add_to_cart_button\">\u041f\u043e\u0434\u0440\u043e\u0431\u043d\u0435\u0435<\/a><\/div>\n\t\t\t<\/li><li class=\"wc-block-grid__product\">\n\t\t\t\t<a href=\"https:\/\/www.banescogroup.com\/ru\/product\/bnc-c3-zebra-cavallino\/\" class=\"wc-block-grid__product-link\">\n\t\t\t\t\t\n\t\t\t\t\t<div class=\"wc-block-grid__product-image\"><img loading=\"lazy\" decoding=\"async\" width=\"300\" height=\"400\" src=\"https:\/\/www.banescogroup.com\/wp-content\/uploads\/2025\/08\/WhatsApp-Image-2025-08-29-at-16.46.10-300x400.jpeg\" class=\"attachment-woocommerce_thumbnail size-woocommerce_thumbnail\" alt=\"BNC-C3 \u0437\u0435\u0431\u0440\u0430 \u043a\u0430\u0432\u0430\u043b\u043b\u0438\u043d\u043e\" srcset=\"https:\/\/www.banescogroup.com\/wp-content\/uploads\/2025\/08\/WhatsApp-Image-2025-08-29-at-16.46.10-300x400.jpeg 300w, https:\/\/www.banescogroup.com\/wp-content\/uploads\/2025\/08\/WhatsApp-Image-2025-08-29-at-16.46.10-225x300.jpeg 225w, https:\/\/www.banescogroup.com\/wp-content\/uploads\/2025\/08\/WhatsApp-Image-2025-08-29-at-16.46.10-768x1024.jpeg 768w, https:\/\/www.banescogroup.com\/wp-content\/uploads\/2025\/08\/WhatsApp-Image-2025-08-29-at-16.46.10-1152x1536.jpeg 1152w, https:\/\/www.banescogroup.com\/wp-content\/uploads\/2025\/08\/WhatsApp-Image-2025-08-29-at-16.46.10-270x360.jpeg 270w, https:\/\/www.banescogroup.com\/wp-content\/uploads\/2025\/08\/WhatsApp-Image-2025-08-29-at-16.46.10-1200x1600.jpeg 1200w, https:\/\/www.banescogroup.com\/wp-content\/uploads\/2025\/08\/WhatsApp-Image-2025-08-29-at-16.46.10-360x480.jpeg 360w, https:\/\/www.banescogroup.com\/wp-content\/uploads\/2025\/08\/WhatsApp-Image-2025-08-29-at-16.46.10-600x800.jpeg 600w, https:\/\/www.banescogroup.com\/wp-content\/uploads\/2025\/08\/WhatsApp-Image-2025-08-29-at-16.46.10.jpeg 1536w\" sizes=\"auto, (max-width: 300px) 100vw, 300px\" \/><\/div>\n\t\t\t\t\t<div class=\"wc-block-grid__product-title\">BNC-C3 \u0437\u0435\u0431\u0440\u0430 \u043a\u0430\u0432\u0430\u043b\u043b\u0438\u043d\u043e<\/div>\n\t\t\t\t<\/a>\n\t\t\t\t<div class=\"wc-block-grid__product-price price\"><\/div>\n\t\t\t\t\n\t\t\t\t<div class=\"wp-block-button wc-block-grid__product-add-to-cart\"><a href=\"https:\/\/www.banescogroup.com\/ru\/product\/bnc-c3-zebra-cavallino\/\" aria-label=\"\u041f\u0440\u043e\u0447\u0438\u0442\u0430\u0439\u0442\u0435 \u0431\u043e\u043b\u044c\u0448\u0435 \u043e &ldquo;BNC-C3 \u0437\u0435\u0431\u0440\u0430 \u043a\u0430\u0432\u0430\u043b\u043b\u0438\u043d\u043e&rdquo;\" data-quantity=\"1\" data-product_id=\"1371\" data-product_sku=\"\" data-price=\"0\" rel=\"nofollow\" class=\"wp-block-button__link  add_to_cart_button\">\u041f\u043e\u0434\u0440\u043e\u0431\u043d\u0435\u0435<\/a><\/div>\n\t\t\t<\/li><li class=\"wc-block-grid__product\">\n\t\t\t\t<a href=\"https:\/\/www.banescogroup.com\/ru\/product\/bnc-c2-black-long-cavallino\/\" class=\"wc-block-grid__product-link\">\n\t\t\t\t\t\n\t\t\t\t\t<div class=\"wc-block-grid__product-image\"><img loading=\"lazy\" decoding=\"async\" width=\"300\" height=\"400\" src=\"https:\/\/www.banescogroup.com\/wp-content\/uploads\/2025\/08\/WhatsApp-Image-2025-08-29-at-16.38.22-300x400.jpeg\" class=\"attachment-woocommerce_thumbnail size-woocommerce_thumbnail\" alt=\"BNC-C2 \u0447\u0435\u0440\u043d\u044b\u0439 \u0434\u043b\u0438\u043d\u043d\u044b\u0439 \u043a\u0430\u0432\u0430\u043b\u043b\u0438\u043d\u043e\" srcset=\"https:\/\/www.banescogroup.com\/wp-content\/uploads\/2025\/08\/WhatsApp-Image-2025-08-29-at-16.38.22-300x400.jpeg 300w, https:\/\/www.banescogroup.com\/wp-content\/uploads\/2025\/08\/WhatsApp-Image-2025-08-29-at-16.38.22-225x300.jpeg 225w, https:\/\/www.banescogroup.com\/wp-content\/uploads\/2025\/08\/WhatsApp-Image-2025-08-29-at-16.38.22-768x1024.jpeg 768w, https:\/\/www.banescogroup.com\/wp-content\/uploads\/2025\/08\/WhatsApp-Image-2025-08-29-at-16.38.22-1152x1536.jpeg 1152w, https:\/\/www.banescogroup.com\/wp-content\/uploads\/2025\/08\/WhatsApp-Image-2025-08-29-at-16.38.22-270x360.jpeg 270w, https:\/\/www.banescogroup.com\/wp-content\/uploads\/2025\/08\/WhatsApp-Image-2025-08-29-at-16.38.22-360x480.jpeg 360w, https:\/\/www.banescogroup.com\/wp-content\/uploads\/2025\/08\/WhatsApp-Image-2025-08-29-at-16.38.22-600x800.jpeg 600w, https:\/\/www.banescogroup.com\/wp-content\/uploads\/2025\/08\/WhatsApp-Image-2025-08-29-at-16.38.22.jpeg 1200w\" sizes=\"auto, (max-width: 300px) 100vw, 300px\" \/><\/div>\n\t\t\t\t\t<div class=\"wc-block-grid__product-title\">BNC-C2 \u0447\u0435\u0440\u043d\u044b\u0439 \u0434\u043b\u0438\u043d\u043d\u044b\u0439 \u043a\u0430\u0432\u0430\u043b\u043b\u0438\u043d\u043e<\/div>\n\t\t\t\t<\/a>\n\t\t\t\t<div class=\"wc-block-grid__product-price price\"><\/div>\n\t\t\t\t\n\t\t\t\t<div class=\"wp-block-button wc-block-grid__product-add-to-cart\"><a href=\"https:\/\/www.banescogroup.com\/ru\/product\/bnc-c2-black-long-cavallino\/\" aria-label=\"\u041f\u0440\u043e\u0447\u0438\u0442\u0430\u0439\u0442\u0435 \u0431\u043e\u043b\u044c\u0448\u0435 \u043e &ldquo;BNC-C2 \u0447\u0435\u0440\u043d\u044b\u0439 \u0434\u043b\u0438\u043d\u043d\u044b\u0439 \u043a\u0430\u0432\u0430\u043b\u043b\u0438\u043d\u043e&rdquo;\" data-quantity=\"1\" data-product_id=\"1368\" data-product_sku=\"\" data-price=\"0\" rel=\"nofollow\" class=\"wp-block-button__link  add_to_cart_button\">\u041f\u043e\u0434\u0440\u043e\u0431\u043d\u0435\u0435<\/a><\/div>\n\t\t\t<\/li><li class=\"wc-block-grid__product\">\n\t\t\t\t<a href=\"https:\/\/www.banescogroup.com\/ru\/product\/bnc-av16-brown-fur\/\" class=\"wc-block-grid__product-link\">\n\t\t\t\t\t\n\t\t\t\t\t<div class=\"wc-block-grid__product-image\"><img loading=\"lazy\" decoding=\"async\" width=\"300\" height=\"400\" src=\"https:\/\/www.banescogroup.com\/wp-content\/uploads\/2025\/08\/WhatsApp-Image-2025-08-29-at-16.21.23-300x400.jpeg\" class=\"attachment-woocommerce_thumbnail size-woocommerce_thumbnail\" alt=\"BNC-AV16 \u043a\u043e\u0440\u0438\u0447\u043d\u0435\u0432\u044b\u0439 \u043c\u0435\u0445\" srcset=\"https:\/\/www.banescogroup.com\/wp-content\/uploads\/2025\/08\/WhatsApp-Image-2025-08-29-at-16.21.23-300x400.jpeg 300w, https:\/\/www.banescogroup.com\/wp-content\/uploads\/2025\/08\/WhatsApp-Image-2025-08-29-at-16.21.23-225x300.jpeg 225w, https:\/\/www.banescogroup.com\/wp-content\/uploads\/2025\/08\/WhatsApp-Image-2025-08-29-at-16.21.23-768x1024.jpeg 768w, https:\/\/www.banescogroup.com\/wp-content\/uploads\/2025\/08\/WhatsApp-Image-2025-08-29-at-16.21.23-1152x1536.jpeg 1152w, https:\/\/www.banescogroup.com\/wp-content\/uploads\/2025\/08\/WhatsApp-Image-2025-08-29-at-16.21.23-270x360.jpeg 270w, https:\/\/www.banescogroup.com\/wp-content\/uploads\/2025\/08\/WhatsApp-Image-2025-08-29-at-16.21.23-360x480.jpeg 360w, https:\/\/www.banescogroup.com\/wp-content\/uploads\/2025\/08\/WhatsApp-Image-2025-08-29-at-16.21.23-600x800.jpeg 600w, https:\/\/www.banescogroup.com\/wp-content\/uploads\/2025\/08\/WhatsApp-Image-2025-08-29-at-16.21.23.jpeg 1200w\" sizes=\"auto, (max-width: 300px) 100vw, 300px\" \/><\/div>\n\t\t\t\t\t<div class=\"wc-block-grid__product-title\">BNC-AV16 \u043a\u043e\u0440\u0438\u0447\u043d\u0435\u0432\u044b\u0439 \u043c\u0435\u0445<\/div>\n\t\t\t\t<\/a>\n\t\t\t\t<div class=\"wc-block-grid__product-price price\"><\/div>\n\t\t\t\t\n\t\t\t\t<div class=\"wp-block-button wc-block-grid__product-add-to-cart\"><a href=\"https:\/\/www.banescogroup.com\/ru\/product\/bnc-av16-brown-fur\/\" aria-label=\"\u041f\u0440\u043e\u0447\u0438\u0442\u0430\u0439\u0442\u0435 \u0431\u043e\u043b\u044c\u0448\u0435 \u043e &ldquo;BNC-AV16 \u043a\u043e\u0440\u0438\u0447\u043d\u0435\u0432\u044b\u0439 \u043c\u0435\u0445&rdquo;\" data-quantity=\"1\" data-product_id=\"1366\" data-product_sku=\"\" data-price=\"0\" rel=\"nofollow\" class=\"wp-block-button__link  add_to_cart_button\">\u041f\u043e\u0434\u0440\u043e\u0431\u043d\u0435\u0435<\/a><\/div>\n\t\t\t<\/li><\/ul><\/div><\/div>\n<\/div>\n","protected":false},"excerpt":{"rendered":"\u0130lginizi \u00e7ekebilir\u2026 Sepetiniz \u015fu anda bo\u015f! Ma\u011fazada yeni","protected":false},"author":1,"featured_media":0,"parent":0,"menu_order":0,"comment_status":"closed","ping_status":"closed","template":"","meta":{"footnotes":""},"class_list":["post-830","page","type-page","status-publish","hentry"],"_links":{"self":[{"href":"https:\/\/www.banescogroup.com\/ru\/wp-json\/wp\/v2\/pages\/830","targetHints":{"allow":["GET"]}}],"collection":[{"href":"https:\/\/www.banescogroup.com\/ru\/wp-json\/wp\/v2\/pages"}],"about":[{"href":"https:\/\/www.banescogroup.com\/ru\/wp-json\/wp\/v2\/types\/page"}],"author":[{"embeddable":true,"href":"https:\/\/www.banescogroup.com\/ru\/wp-json\/wp\/v2\/users\/1"}],"replies":[{"embeddable":true,"href":"https:\/\/www.banescogroup.com\/ru\/wp-json\/wp\/v2\/comments?post=830"}],"version-history":[{"count":1,"href":"https:\/\/www.banescogroup.com\/ru\/wp-json\/wp\/v2\/pages\/830\/revisions"}],"predecessor-version":[{"id":931,"href":"https:\/\/www.banescogroup.com\/ru\/wp-json\/wp\/v2\/pages\/830\/revisions\/931"}],"wp:attachment":[{"href":"https:\/\/www.banescogroup.com\/ru\/wp-json\/wp\/v2\/media?parent=830"}],"curies":[{"name":"wp","href":"https:\/\/api.w.org\/{rel}","templated":true}]}}