{"id":15,"date":"2014-11-11T11:14:30","date_gmt":"2014-11-11T11:14:30","guid":{"rendered":"http:\/\/anpsthemes.com\/constructo\/?page_id=15"},"modified":"2025-08-18T04:10:30","modified_gmt":"2025-08-18T01:10:30","slug":"contact-us","status":"publish","type":"page","link":"https:\/\/www.banescogroup.com\/ru\/contact-us\/","title":{"rendered":"\u0421\u0432\u044f\u0437\u0430\u0442\u044c\u0441\u044f \u0441 \u043d\u0430\u043c\u0438"},"content":{"rendered":"<p>[vc_row css=&#187;.vc_custom_1554987094610{margin-top: 30px !important;padding-bottom: 20px !important;}&#187;][vc_column width=&#187;1\/2&#8243;]<h4 class='heading-content  style-1' ><span>\u041a\u041e\u041d\u0422\u0410\u041a\u0422<\/span><\/h4>[vc_empty_space height=&#187;15px&#187;][vc_column_text css_animation=&#187;fadeInLeft&#187;]<\/p>\n<h3><strong>BANESCO<\/strong><\/h3>\n<h3><strong>\u0410\u0434\u0440\u0435\u0441: <\/strong>Nuri Pa\u015fa Mah. Z\u00fcbeyde Han\u0131m Cad 240\/A Zeytinburnu<\/h3>\n<h3><strong>\u042d\u043b\u0435\u043a\u0442\u0440\u043e\u043d\u043d\u0430\u044f \u043f\u043e\u0447\u0442\u0430: <\/strong>info@banescogroup.com<\/h3>\n<p>[\/vc_column_text][\/vc_column][vc_column width=&#187;1\/2&#8243;][vc_column_text]<iframe loading=\"lazy\" style=\"border: 0;\" src=\"https:\/\/www.google.com\/maps\/embed?pb=!1m18!1m12!1m3!1d3011.9055025059847!2d28.89888481175292!3d40.98355002082756!2m3!1f0!2f0!3f0!3m2!1i1024!2i768!4f13.1!3m3!1m2!1s0x14cabb7945fc95fb%3A0xb917cd0bb3314797!2zTnVyaXBhxZ9hLCBaw7xiZXlkZSBIYW7EsW0gQ2QuIE5vOjI0MCwgMzQwMjUgWmV5dGluYnVybnUvxLBzdGFuYnVs!5e0!3m2!1str!2str!4v1750350039428!5m2!1str!2str\" width=\"600\" height=\"400\" allowfullscreen=\"allowfullscreen\"><\/iframe>[\/vc_column_text][\/vc_column][\/vc_row][vc_row css=&#187;.vc_custom_1418807519392{margin-top: 20px !important;}&#187; has_content=&#187;true&#187;][vc_column]<h5 class='heading-content  style-1' ><span>\u041e\u0422\u041f\u0420\u0410\u0412\u042c\u0422\u0415 \u0412\u0410\u0428\u0415 \u0421\u041e\u041e\u0411\u0429\u0415\u041d\u0418\u0415<\/span><\/h5>[vc_empty_space height=&#187;15px&#187;]\n<div class=\"wpcf7 no-js\" id=\"wpcf7-f952-o2\" lang=\"en-US\" dir=\"ltr\" data-wpcf7-id=\"952\">\n<div class=\"screen-reader-response\"><p role=\"status\" aria-live=\"polite\" aria-atomic=\"true\"><\/p> <ul><\/ul><\/div>\n<form action=\"\/ru\/wp-json\/wp\/v2\/pages\/15#wpcf7-f952-o2\" method=\"post\" class=\"wpcf7-form init\" aria-label=\"Contact form\" novalidate=\"novalidate\" data-status=\"init\">\n<fieldset class=\"hidden-fields-container\"><input type=\"hidden\" name=\"_wpcf7\" value=\"952\" \/><input type=\"hidden\" name=\"_wpcf7_version\" value=\"6.1.5\" \/><input type=\"hidden\" name=\"_wpcf7_locale\" value=\"en_US\" \/><input type=\"hidden\" name=\"_wpcf7_unit_tag\" value=\"wpcf7-f952-o2\" \/><input type=\"hidden\" name=\"_wpcf7_container_post\" value=\"0\" \/><input type=\"hidden\" name=\"_wpcf7_posted_data_hash\" value=\"\" \/>\n<\/fieldset>\n<div class=\"col-sm-5 noleftpadding\">\n\t<p><span class=\"wpcf7-form-control-wrap\" data-name=\"your-name\"><input size=\"40\" maxlength=\"400\" class=\"wpcf7-form-control wpcf7-text wpcf7-validates-as-required\" aria-required=\"true\" aria-invalid=\"false\" placeholder=\"\u0418\u041c\u042f*\" value=\"\" type=\"text\" name=\"your-name\" \/><\/span>\n\t<\/p>\n\t<p><span class=\"wpcf7-form-control-wrap\" data-name=\"your-subject\"><input size=\"40\" maxlength=\"400\" class=\"wpcf7-form-control wpcf7-text\" aria-invalid=\"false\" placeholder=\"\u041f\u0420\u0415\u0414\u041c\u0415\u0422*\" value=\"\" type=\"text\" name=\"your-subject\" \/><\/span>\n\t<\/p>\n\t<p><span class=\"wpcf7-form-control-wrap\" data-name=\"your-email\"><input size=\"40\" maxlength=\"400\" class=\"wpcf7-form-control wpcf7-email wpcf7-validates-as-required wpcf7-text wpcf7-validates-as-email\" aria-required=\"true\" aria-invalid=\"false\" placeholder=\"\u042d\u041b\u0415\u041a\u0422\u0420\u041e\u041d\u041d\u0410\u042f \u041f\u041e\u0427\u0422\u0410*\" value=\"\" type=\"email\" name=\"your-email\" \/><\/span>\n\t<\/p>\n<\/div>\n<div class=\"col-sm-7 norightpadding\">\n\t<p><span class=\"wpcf7-form-control-wrap\" data-name=\"your-message\"><textarea cols=\"25\" rows=\"3\" maxlength=\"2000\" class=\"wpcf7-form-control wpcf7-textarea\" aria-invalid=\"false\" placeholder=\"\u0421\u041e\u041e\u0411\u0429\u0415\u041d\u0418\u0415*\" name=\"your-message\"><\/textarea><\/span>\n\t<\/p>\n\t<p><input class=\"wpcf7-form-control wpcf7-submit has-spinner\" type=\"submit\" value=\"\u041e\u0422\u041f\u0420\u0410\u0412\u0418\u0422\u042c \u0421\u041e\u041e\u0411\u0429\u0415\u041d\u0418\u0415\" \/>\n\t<\/p>\n<\/div><div class=\"wpcf7-response-output\" aria-hidden=\"true\"><\/div>\n<\/form>\n<\/div>\n[\/vc_column][\/vc_row]<\/p>","protected":false},"excerpt":{"rendered":"<p>[vc_row css=&#187;.vc_custom_1554987094610{margin-top: 30px !important;padding-bottom: 20px !important;}&#187;][vc_column width=&#187;1\/2&#8243;][vc_empty_space height=&#187;15px&#187;][vc_column_text css_animation=&#187;fadeInLeft&#187;] BANESCO \u0410\u0434\u0440\u0435\u0441: Nuri Pa\u015fa Mah. Z\u00fcbeyde Han\u0131m Cad 240\/A Zeytinburnu \u042d\u043b\u0435\u043a\u0442\u0440\u043e\u043d\u043d\u0430\u044f \u043f\u043e\u0447\u0442\u0430: info@banescogroup.com [\/vc_column_text][\/vc_column][vc_column width=&#187;1\/2&#8243;][vc_column_text][\/vc_column_text][\/vc_column][\/vc_row][vc_row css=&#187;.vc_custom_1418807519392{margin-top: 20px !important;}&#187; has_content=&#187;true&#187;][vc_column][vc_empty_space height=&#187;15px&#187;][\/vc_column][\/vc_row]<\/p>\n","protected":false},"author":1,"featured_media":0,"parent":0,"menu_order":0,"comment_status":"open","ping_status":"open","template":"","meta":{"footnotes":""},"class_list":["post-15","page","type-page","status-publish","hentry"],"_links":{"self":[{"href":"https:\/\/www.banescogroup.com\/ru\/wp-json\/wp\/v2\/pages\/15","targetHints":{"allow":["GET"]}}],"collection":[{"href":"https:\/\/www.banescogroup.com\/ru\/wp-json\/wp\/v2\/pages"}],"about":[{"href":"https:\/\/www.banescogroup.com\/ru\/wp-json\/wp\/v2\/types\/page"}],"author":[{"embeddable":true,"href":"https:\/\/www.banescogroup.com\/ru\/wp-json\/wp\/v2\/users\/1"}],"replies":[{"embeddable":true,"href":"https:\/\/www.banescogroup.com\/ru\/wp-json\/wp\/v2\/comments?post=15"}],"version-history":[{"count":6,"href":"https:\/\/www.banescogroup.com\/ru\/wp-json\/wp\/v2\/pages\/15\/revisions"}],"predecessor-version":[{"id":953,"href":"https:\/\/www.banescogroup.com\/ru\/wp-json\/wp\/v2\/pages\/15\/revisions\/953"}],"wp:attachment":[{"href":"https:\/\/www.banescogroup.com\/ru\/wp-json\/wp\/v2\/media?parent=15"}],"curies":[{"name":"wp","href":"https:\/\/api.w.org\/{rel}","templated":true}]}}